{"id":547,"date":"2018-02-05T16:43:23","date_gmt":"2018-02-05T15:43:23","guid":{"rendered":"https:\/\/marx-guide.de\/?page_id=547"},"modified":"2023-09-21T12:21:36","modified_gmt":"2023-09-21T10:21:36","slug":"contact","status":"publish","type":"page","link":"https:\/\/marx-guide.de\/fr\/contact\/","title":{"rendered":"Contact"},"content":{"rendered":"<p class=\"teaser serif\">MARX\u2022GUIDE est un hommage de la plus ancienne ville d\u2019Allemagne \u00e0 son enfant. Le programme met en lumi\u00e8re la vie et l\u2019action de Karl Marx \u00e0 Tr\u00e8ves. \u00c0 l\u2019aide de votre Smartphone, lancez-vous dans un parcours de d\u00e9couverte \u00e0 travers la ville natale du grand penseur.<\/p>\n<div class=\"grid-container full\">\n<div class=\"contact-wrapper grid-x grid-margin-x\">\n<div class=\"container--phone cell small-12 medium-6\">\n<div>\n<h2>T\u00e9l\u00e9phone<\/h2>\n<p>Vous pouvez nous joindre tous les jours ouvrables de 9h00 \u00e0 17h00, au num\u00e9ro suivant: +49 651 97808 0.<\/p>\n<\/div>\n<\/div>\n<div class=\"container--mail cell small-12 medium-6\">\n<div>\n<h2>Adresse<\/h2>\n<p>Trier Tourismus und Marketing GmbH<br \/>\nSichelstra\u00dfe 34-36<br \/>\n54290 Trier<\/p>\n<\/div>\n<\/div>\n<\/div>\n<\/div>\n<h2>Email<\/h2>\n<p>Vous rencontrez des difficult\u00e9s pour l\u2019utilisation de MARX\u2022GUIDE? <a href=\"https:\/\/marx-guide.de\/hilfe\/\">Demandez-nous de l\u2019aide<\/a>!<br \/>\nVous voulez faire un reportage sur nous? <a href=\"\/marx-guide--pressekit.zip\">Consultez le dossier de presse<\/a>!<\/p>\n<p><strong>\u00c9crivez-nous \u00e0:<\/strong> <a href=\"mailto:info@trier-info.de\">info@trier-info.de<\/a><br \/>\n\n<div class=\"wpcf7 no-js\" id=\"wpcf7-f149-o1\" lang=\"de-DE\" dir=\"ltr\" data-wpcf7-id=\"149\">\n<div class=\"screen-reader-response\"><p role=\"status\" aria-live=\"polite\" aria-atomic=\"true\"><\/p> <ul><\/ul><\/div>\n<form action=\"\/fr\/wp-json\/wp\/v2\/pages\/547#wpcf7-f149-o1\" method=\"post\" class=\"wpcf7-form init\" aria-label=\"Kontaktformular\" novalidate=\"novalidate\" data-status=\"init\">\n<fieldset class=\"hidden-fields-container\"><input type=\"hidden\" name=\"_wpcf7\" value=\"149\" \/><input type=\"hidden\" name=\"_wpcf7_version\" value=\"6.1.5\" \/><input type=\"hidden\" name=\"_wpcf7_locale\" value=\"de_DE\" \/><input type=\"hidden\" name=\"_wpcf7_unit_tag\" value=\"wpcf7-f149-o1\" \/><input type=\"hidden\" name=\"_wpcf7_container_post\" value=\"0\" \/><input type=\"hidden\" name=\"_wpcf7_posted_data_hash\" value=\"\" \/>\n<\/fieldset>\n<div class=\"grid-container full\">\n\t<div class=\"grid-x grid-margin-x\">\n\t\t<div class=\"cell small-12 medium-6\">\n\t\t\t<p><label>Votre nom<br \/>\n<span class=\"wpcf7-form-control-wrap\" data-name=\"your-name\"><input size=\"40\" maxlength=\"400\" class=\"wpcf7-form-control wpcf7-text\" aria-invalid=\"false\" value=\"\" type=\"text\" name=\"your-name\" \/><\/span> <\/label>\n\t\t\t<\/p>\n\t\t<\/div>\n\t\t<div class=\"cell small-12 medium-6\">\n\t\t\t<p><label>Votre adresse de messagerie<br \/>\n<span class=\"wpcf7-form-control-wrap\" data-name=\"your-email\"><input size=\"40\" maxlength=\"400\" class=\"wpcf7-form-control wpcf7-email wpcf7-text wpcf7-validates-as-email\" aria-invalid=\"false\" value=\"\" type=\"email\" name=\"your-email\" \/><\/span> <\/label>\n\t\t\t<\/p>\n\t\t<\/div>\n\t<\/div>\n<\/div>\n<p><label>Votre message <span class=\"required\">*<\/span><br \/>\n<span class=\"wpcf7-form-control-wrap\" data-name=\"your-message\"><textarea cols=\"40\" rows=\"10\" maxlength=\"2000\" class=\"wpcf7-form-control wpcf7-textarea wpcf7-validates-as-required\" aria-required=\"true\" aria-invalid=\"false\" name=\"your-message\"><\/textarea><\/span> <\/label>\n<\/p>\n<p><input class=\"wpcf7-form-control wpcf7-submit has-spinner\" type=\"submit\" value=\"Envoyer\" \/>\n<\/p><div class=\"wpcf7-response-output\" aria-hidden=\"true\"><\/div>\n<\/form>\n<\/div>\n<\/p>\n","protected":false},"excerpt":{"rendered":"<p>MARX\u2022GUIDE est un hommage de la plus ancienne ville d\u2019Allemagne \u00e0 son enfant. Le programme met en lumi\u00e8re la vie et l\u2019action de Karl Marx \u00e0 Tr\u00e8ves. \u00c0 l\u2019aide de votre Smartphone, lancez-vous dans un parcours de d\u00e9couverte \u00e0 travers la ville natale du grand penseur. T\u00e9l\u00e9phone Vous pouvez nous joindre tous les jours ouvrables [&hellip;]<\/p>\n","protected":false},"author":1,"featured_media":225,"parent":0,"menu_order":0,"comment_status":"closed","ping_status":"closed","template":"","meta":{"_acf_changed":false,"footnotes":""},"class_list":["post-547","page","type-page","status-publish","has-post-thumbnail","hentry"],"acf":[],"yoast_head":"<!-- This site is optimized with the Yoast SEO plugin v27.4 - https:\/\/yoast.com\/product\/yoast-seo-wordpress\/ -->\n<title>Contact - MARX\u2022GUIDE<\/title>\n<meta name=\"description\" content=\"MARX\u2022GUIDE est un hommage de la plus ancienne ville d\u2019Allemagne \u00e0 son enfant. Le programme met en lumi\u00e8re la vie et l\u2019action de Karl Marx \u00e0 Tr\u00e8ves. \u00c0 l\u2019aide de votre Smartphone, lancez-vous dans un parcours de d\u00e9couverte \u00e0 travers la ville natale du grand penseur.\" \/>\n<meta name=\"robots\" content=\"index, follow, max-snippet:-1, max-image-preview:large, max-video-preview:-1\" \/>\n<link rel=\"canonical\" href=\"https:\/\/marx-guide.de\/fr\/contact\/\" \/>\n<meta property=\"og:locale\" content=\"fr_FR\" \/>\n<meta property=\"og:type\" content=\"article\" \/>\n<meta property=\"og:title\" content=\"Contact - MARX\u2022GUIDE\" \/>\n<meta property=\"og:description\" content=\"MARX\u2022GUIDE est un hommage de la plus ancienne ville d\u2019Allemagne \u00e0 son enfant. Le programme met en lumi\u00e8re la vie et l\u2019action de Karl Marx \u00e0 Tr\u00e8ves. \u00c0 l\u2019aide de votre Smartphone, lancez-vous dans un parcours de d\u00e9couverte \u00e0 travers la ville natale du grand penseur.\" \/>\n<meta property=\"og:url\" content=\"https:\/\/marx-guide.de\/fr\/contact\/\" \/>\n<meta property=\"og:site_name\" content=\"MARX\u2022GUIDE\" \/>\n<meta property=\"article:modified_time\" content=\"2023-09-21T10:21:36+00:00\" \/>\n<meta property=\"og:image\" content=\"https:\/\/marx-guide.de\/wp-content\/uploads\/2018\/02\/Jesuitenkirche.jpg\" \/>\n\t<meta property=\"og:image:width\" content=\"1500\" \/>\n\t<meta property=\"og:image:height\" content=\"1001\" \/>\n\t<meta property=\"og:image:type\" content=\"image\/jpeg\" \/>\n<meta name=\"twitter:card\" content=\"summary_large_image\" \/>\n<meta name=\"twitter:label1\" content=\"Dur\u00e9e de lecture estim\u00e9e\" \/>\n\t<meta name=\"twitter:data1\" content=\"1 minute\" \/>\n<script type=\"application\/ld+json\" class=\"yoast-schema-graph\">{\"@context\":\"https:\\\/\\\/schema.org\",\"@graph\":[{\"@type\":\"WebPage\",\"@id\":\"https:\\\/\\\/marx-guide.de\\\/fr\\\/contact\\\/\",\"url\":\"https:\\\/\\\/marx-guide.de\\\/fr\\\/contact\\\/\",\"name\":\"Contact - MARX\u2022GUIDE\",\"isPartOf\":{\"@id\":\"https:\\\/\\\/marx-guide.de\\\/#website\"},\"primaryImageOfPage\":{\"@id\":\"https:\\\/\\\/marx-guide.de\\\/fr\\\/contact\\\/#primaryimage\"},\"image\":{\"@id\":\"https:\\\/\\\/marx-guide.de\\\/fr\\\/contact\\\/#primaryimage\"},\"thumbnailUrl\":\"https:\\\/\\\/marx-guide.de\\\/wp-content\\\/uploads\\\/2018\\\/02\\\/Jesuitenkirche.jpg\",\"datePublished\":\"2018-02-05T15:43:23+00:00\",\"dateModified\":\"2023-09-21T10:21:36+00:00\",\"description\":\"MARX\u2022GUIDE est un hommage de la plus ancienne ville d\u2019Allemagne \u00e0 son enfant. Le programme met en lumi\u00e8re la vie et l\u2019action de Karl Marx \u00e0 Tr\u00e8ves. \u00c0 l\u2019aide de votre Smartphone, lancez-vous dans un parcours de d\u00e9couverte \u00e0 travers la ville natale du grand penseur.\",\"breadcrumb\":{\"@id\":\"https:\\\/\\\/marx-guide.de\\\/fr\\\/contact\\\/#breadcrumb\"},\"inLanguage\":\"fr-FR\",\"potentialAction\":[{\"@type\":\"ReadAction\",\"target\":[\"https:\\\/\\\/marx-guide.de\\\/fr\\\/contact\\\/\"]}]},{\"@type\":\"ImageObject\",\"inLanguage\":\"fr-FR\",\"@id\":\"https:\\\/\\\/marx-guide.de\\\/fr\\\/contact\\\/#primaryimage\",\"url\":\"https:\\\/\\\/marx-guide.de\\\/wp-content\\\/uploads\\\/2018\\\/02\\\/Jesuitenkirche.jpg\",\"contentUrl\":\"https:\\\/\\\/marx-guide.de\\\/wp-content\\\/uploads\\\/2018\\\/02\\\/Jesuitenkirche.jpg\",\"width\":1500,\"height\":1001},{\"@type\":\"BreadcrumbList\",\"@id\":\"https:\\\/\\\/marx-guide.de\\\/fr\\\/contact\\\/#breadcrumb\",\"itemListElement\":[{\"@type\":\"ListItem\",\"position\":1,\"name\":\"Startseite\",\"item\":\"https:\\\/\\\/marx-guide.de\\\/fr\\\/page-daccueil\\\/\"},{\"@type\":\"ListItem\",\"position\":2,\"name\":\"Contact\"}]},{\"@type\":\"WebSite\",\"@id\":\"https:\\\/\\\/marx-guide.de\\\/#website\",\"url\":\"https:\\\/\\\/marx-guide.de\\\/\",\"name\":\"MARX\u2022GUIDE\",\"description\":\"Interaktiver Stadtf\u00fchrer zu Karl Marx in Trier\",\"potentialAction\":[{\"@type\":\"SearchAction\",\"target\":{\"@type\":\"EntryPoint\",\"urlTemplate\":\"https:\\\/\\\/marx-guide.de\\\/?s={search_term_string}\"},\"query-input\":{\"@type\":\"PropertyValueSpecification\",\"valueRequired\":true,\"valueName\":\"search_term_string\"}}],\"inLanguage\":\"fr-FR\"}]}<\/script>\n<!-- \/ Yoast SEO plugin. -->","yoast_head_json":{"title":"Contact - MARX\u2022GUIDE","description":"MARX\u2022GUIDE est un hommage de la plus ancienne ville d\u2019Allemagne \u00e0 son enfant. Le programme met en lumi\u00e8re la vie et l\u2019action de Karl Marx \u00e0 Tr\u00e8ves. \u00c0 l\u2019aide de votre Smartphone, lancez-vous dans un parcours de d\u00e9couverte \u00e0 travers la ville natale du grand penseur.","robots":{"index":"index","follow":"follow","max-snippet":"max-snippet:-1","max-image-preview":"max-image-preview:large","max-video-preview":"max-video-preview:-1"},"canonical":"https:\/\/marx-guide.de\/fr\/contact\/","og_locale":"fr_FR","og_type":"article","og_title":"Contact - MARX\u2022GUIDE","og_description":"MARX\u2022GUIDE est un hommage de la plus ancienne ville d\u2019Allemagne \u00e0 son enfant. Le programme met en lumi\u00e8re la vie et l\u2019action de Karl Marx \u00e0 Tr\u00e8ves. \u00c0 l\u2019aide de votre Smartphone, lancez-vous dans un parcours de d\u00e9couverte \u00e0 travers la ville natale du grand penseur.","og_url":"https:\/\/marx-guide.de\/fr\/contact\/","og_site_name":"MARX\u2022GUIDE","article_modified_time":"2023-09-21T10:21:36+00:00","og_image":[{"width":1500,"height":1001,"url":"https:\/\/marx-guide.de\/wp-content\/uploads\/2018\/02\/Jesuitenkirche.jpg","type":"image\/jpeg"}],"twitter_card":"summary_large_image","twitter_misc":{"Dur\u00e9e de lecture estim\u00e9e":"1 minute"},"schema":{"@context":"https:\/\/schema.org","@graph":[{"@type":"WebPage","@id":"https:\/\/marx-guide.de\/fr\/contact\/","url":"https:\/\/marx-guide.de\/fr\/contact\/","name":"Contact - MARX\u2022GUIDE","isPartOf":{"@id":"https:\/\/marx-guide.de\/#website"},"primaryImageOfPage":{"@id":"https:\/\/marx-guide.de\/fr\/contact\/#primaryimage"},"image":{"@id":"https:\/\/marx-guide.de\/fr\/contact\/#primaryimage"},"thumbnailUrl":"https:\/\/marx-guide.de\/wp-content\/uploads\/2018\/02\/Jesuitenkirche.jpg","datePublished":"2018-02-05T15:43:23+00:00","dateModified":"2023-09-21T10:21:36+00:00","description":"MARX\u2022GUIDE est un hommage de la plus ancienne ville d\u2019Allemagne \u00e0 son enfant. Le programme met en lumi\u00e8re la vie et l\u2019action de Karl Marx \u00e0 Tr\u00e8ves. \u00c0 l\u2019aide de votre Smartphone, lancez-vous dans un parcours de d\u00e9couverte \u00e0 travers la ville natale du grand penseur.","breadcrumb":{"@id":"https:\/\/marx-guide.de\/fr\/contact\/#breadcrumb"},"inLanguage":"fr-FR","potentialAction":[{"@type":"ReadAction","target":["https:\/\/marx-guide.de\/fr\/contact\/"]}]},{"@type":"ImageObject","inLanguage":"fr-FR","@id":"https:\/\/marx-guide.de\/fr\/contact\/#primaryimage","url":"https:\/\/marx-guide.de\/wp-content\/uploads\/2018\/02\/Jesuitenkirche.jpg","contentUrl":"https:\/\/marx-guide.de\/wp-content\/uploads\/2018\/02\/Jesuitenkirche.jpg","width":1500,"height":1001},{"@type":"BreadcrumbList","@id":"https:\/\/marx-guide.de\/fr\/contact\/#breadcrumb","itemListElement":[{"@type":"ListItem","position":1,"name":"Startseite","item":"https:\/\/marx-guide.de\/fr\/page-daccueil\/"},{"@type":"ListItem","position":2,"name":"Contact"}]},{"@type":"WebSite","@id":"https:\/\/marx-guide.de\/#website","url":"https:\/\/marx-guide.de\/","name":"MARX\u2022GUIDE","description":"Interaktiver Stadtf\u00fchrer zu Karl Marx in Trier","potentialAction":[{"@type":"SearchAction","target":{"@type":"EntryPoint","urlTemplate":"https:\/\/marx-guide.de\/?s={search_term_string}"},"query-input":{"@type":"PropertyValueSpecification","valueRequired":true,"valueName":"search_term_string"}}],"inLanguage":"fr-FR"}]}},"_links":{"self":[{"href":"https:\/\/marx-guide.de\/fr\/wp-json\/wp\/v2\/pages\/547","targetHints":{"allow":["GET"]}}],"collection":[{"href":"https:\/\/marx-guide.de\/fr\/wp-json\/wp\/v2\/pages"}],"about":[{"href":"https:\/\/marx-guide.de\/fr\/wp-json\/wp\/v2\/types\/page"}],"author":[{"embeddable":true,"href":"https:\/\/marx-guide.de\/fr\/wp-json\/wp\/v2\/users\/1"}],"replies":[{"embeddable":true,"href":"https:\/\/marx-guide.de\/fr\/wp-json\/wp\/v2\/comments?post=547"}],"version-history":[{"count":0,"href":"https:\/\/marx-guide.de\/fr\/wp-json\/wp\/v2\/pages\/547\/revisions"}],"wp:featuredmedia":[{"embeddable":true,"href":"https:\/\/marx-guide.de\/fr\/wp-json\/wp\/v2\/media\/225"}],"wp:attachment":[{"href":"https:\/\/marx-guide.de\/fr\/wp-json\/wp\/v2\/media?parent=547"}],"curies":[{"name":"wp","href":"https:\/\/api.w.org\/{rel}","templated":true}]}}