{"id":533,"date":"2018-02-05T16:43:42","date_gmt":"2018-02-05T15:43:42","guid":{"rendered":"https:\/\/marx-guide.de\/?page_id=533"},"modified":"2025-04-22T13:55:53","modified_gmt":"2025-04-22T11:55:53","slug":"mentions-legales","status":"publish","type":"page","link":"https:\/\/marx-guide.de\/fr\/mentions-legales\/","title":{"rendered":"Mentions l\u00e9gales"},"content":{"rendered":"<h2>Informations conform\u00e9ment au \u00a7 5 TMG<\/h2>\n<p>Trier Tourismus und Marketing GmbH<br \/>\nSichelstra\u00dfe 34-36<br \/>\n54290 Trier<\/p>\n<p>G\u00e9rant: Yannick Jaeckert<br \/>\nPr\u00e9sidente du conseil d&rsquo;administration: Markus N\u00f6hl<\/p>\n<h2>Contact<\/h2>\n<p>T\u00e9l\u00e9phone +49 (0)651 97808-0<br \/>\nE-Mail: <a href=\"https:\/\/marx-guide.de\/kontakt\/\">info@trier-info.de<\/a><\/p>\n<h2>Responsable du contenu selon \u00a7 55 Abs. 2 RStV<\/h2>\n<p>Yannick Jaeckert<br \/>\nSichelstra\u00dfe 34-36<br \/>\n54290 Trier<\/p>\n<h2>Registre du commerce<\/h2>\n<p>Tribunal de premi\u00e8re instance de Wittlich, HRB 4635<\/p>\n<h2>Umsatzsteuer<\/h2>\n<p>Num\u00e9ro d&rsquo;identification TVA conform\u00e9ment au \u00a727 a Umsatzsteuergesetz: DE813408785 <\/p>\n","protected":false},"excerpt":{"rendered":"<p>Informations conform\u00e9ment au \u00a7 5 TMG Trier Tourismus und Marketing GmbH Sichelstra\u00dfe 34-36 54290 Trier G\u00e9rant: Yannick Jaeckert Pr\u00e9sidente du conseil d&rsquo;administration: Markus N\u00f6hl Contact T\u00e9l\u00e9phone +49 (0)651 97808-0 E-Mail: info@trier-info.de Responsable du contenu selon \u00a7 55 Abs. 2 RStV Yannick Jaeckert Sichelstra\u00dfe 34-36 54290 Trier Registre du commerce Tribunal de premi\u00e8re instance de Wittlich, [&hellip;]<\/p>\n","protected":false},"author":1,"featured_media":227,"parent":0,"menu_order":0,"comment_status":"closed","ping_status":"closed","template":"","meta":{"_acf_changed":false,"footnotes":""},"class_list":["post-533","page","type-page","status-publish","has-post-thumbnail","hentry"],"acf":[],"yoast_head":"<!-- This site is optimized with the Yoast SEO plugin v27.3 - https:\/\/yoast.com\/product\/yoast-seo-wordpress\/ -->\n<title>Mentions l\u00e9gales - MARX\u2022GUIDE<\/title>\n<meta name=\"description\" content=\"Angaben gem\u00e4\u00df \u00a7 5 TMG: Karl Marx 2018 \u2013 Ausstellungsgesellschaft mbH, Kutzbachstra\u00dfe 1, 54290 Trier\" \/>\n<meta name=\"robots\" content=\"index, follow, max-snippet:-1, max-image-preview:large, max-video-preview:-1\" \/>\n<link rel=\"canonical\" href=\"https:\/\/marx-guide.de\/fr\/mentions-legales\/\" \/>\n<meta property=\"og:locale\" content=\"fr_FR\" \/>\n<meta property=\"og:type\" content=\"article\" \/>\n<meta property=\"og:title\" content=\"Mentions l\u00e9gales - MARX\u2022GUIDE\" \/>\n<meta property=\"og:description\" content=\"Angaben gem\u00e4\u00df \u00a7 5 TMG: Karl Marx 2018 \u2013 Ausstellungsgesellschaft mbH, Kutzbachstra\u00dfe 1, 54290 Trier\" \/>\n<meta property=\"og:url\" content=\"https:\/\/marx-guide.de\/fr\/mentions-legales\/\" \/>\n<meta property=\"og:site_name\" content=\"MARX\u2022GUIDE\" \/>\n<meta property=\"article:modified_time\" content=\"2025-04-22T11:55:53+00:00\" \/>\n<meta property=\"og:image\" content=\"https:\/\/marx-guide.de\/wp-content\/uploads\/2018\/02\/Casino-am-Kornmarkt.jpg\" \/>\n\t<meta property=\"og:image:width\" content=\"1500\" \/>\n\t<meta property=\"og:image:height\" content=\"1003\" \/>\n\t<meta property=\"og:image:type\" content=\"image\/jpeg\" \/>\n<meta name=\"twitter:card\" content=\"summary_large_image\" \/>\n<meta name=\"twitter:label1\" content=\"Dur\u00e9e de lecture estim\u00e9e\" \/>\n\t<meta name=\"twitter:data1\" content=\"1 minute\" \/>\n<script type=\"application\/ld+json\" class=\"yoast-schema-graph\">{\"@context\":\"https:\\\/\\\/schema.org\",\"@graph\":[{\"@type\":\"WebPage\",\"@id\":\"https:\\\/\\\/marx-guide.de\\\/fr\\\/mentions-legales\\\/\",\"url\":\"https:\\\/\\\/marx-guide.de\\\/fr\\\/mentions-legales\\\/\",\"name\":\"Mentions l\u00e9gales - MARX\u2022GUIDE\",\"isPartOf\":{\"@id\":\"https:\\\/\\\/marx-guide.de\\\/#website\"},\"primaryImageOfPage\":{\"@id\":\"https:\\\/\\\/marx-guide.de\\\/fr\\\/mentions-legales\\\/#primaryimage\"},\"image\":{\"@id\":\"https:\\\/\\\/marx-guide.de\\\/fr\\\/mentions-legales\\\/#primaryimage\"},\"thumbnailUrl\":\"https:\\\/\\\/marx-guide.de\\\/wp-content\\\/uploads\\\/2018\\\/02\\\/Casino-am-Kornmarkt.jpg\",\"datePublished\":\"2018-02-05T15:43:42+00:00\",\"dateModified\":\"2025-04-22T11:55:53+00:00\",\"description\":\"Angaben gem\u00e4\u00df \u00a7 5 TMG: Karl Marx 2018 \u2013 Ausstellungsgesellschaft mbH, Kutzbachstra\u00dfe 1, 54290 Trier\",\"breadcrumb\":{\"@id\":\"https:\\\/\\\/marx-guide.de\\\/fr\\\/mentions-legales\\\/#breadcrumb\"},\"inLanguage\":\"fr-FR\",\"potentialAction\":[{\"@type\":\"ReadAction\",\"target\":[\"https:\\\/\\\/marx-guide.de\\\/fr\\\/mentions-legales\\\/\"]}]},{\"@type\":\"ImageObject\",\"inLanguage\":\"fr-FR\",\"@id\":\"https:\\\/\\\/marx-guide.de\\\/fr\\\/mentions-legales\\\/#primaryimage\",\"url\":\"https:\\\/\\\/marx-guide.de\\\/wp-content\\\/uploads\\\/2018\\\/02\\\/Casino-am-Kornmarkt.jpg\",\"contentUrl\":\"https:\\\/\\\/marx-guide.de\\\/wp-content\\\/uploads\\\/2018\\\/02\\\/Casino-am-Kornmarkt.jpg\",\"width\":1500,\"height\":1003},{\"@type\":\"BreadcrumbList\",\"@id\":\"https:\\\/\\\/marx-guide.de\\\/fr\\\/mentions-legales\\\/#breadcrumb\",\"itemListElement\":[{\"@type\":\"ListItem\",\"position\":1,\"name\":\"Startseite\",\"item\":\"https:\\\/\\\/marx-guide.de\\\/fr\\\/page-daccueil\\\/\"},{\"@type\":\"ListItem\",\"position\":2,\"name\":\"Mentions l\u00e9gales\"}]},{\"@type\":\"WebSite\",\"@id\":\"https:\\\/\\\/marx-guide.de\\\/#website\",\"url\":\"https:\\\/\\\/marx-guide.de\\\/\",\"name\":\"MARX\u2022GUIDE\",\"description\":\"Interaktiver Stadtf\u00fchrer zu Karl Marx in Trier\",\"potentialAction\":[{\"@type\":\"SearchAction\",\"target\":{\"@type\":\"EntryPoint\",\"urlTemplate\":\"https:\\\/\\\/marx-guide.de\\\/?s={search_term_string}\"},\"query-input\":{\"@type\":\"PropertyValueSpecification\",\"valueRequired\":true,\"valueName\":\"search_term_string\"}}],\"inLanguage\":\"fr-FR\"}]}<\/script>\n<!-- \/ Yoast SEO plugin. -->","yoast_head_json":{"title":"Mentions l\u00e9gales - MARX\u2022GUIDE","description":"Angaben gem\u00e4\u00df \u00a7 5 TMG: Karl Marx 2018 \u2013 Ausstellungsgesellschaft mbH, Kutzbachstra\u00dfe 1, 54290 Trier","robots":{"index":"index","follow":"follow","max-snippet":"max-snippet:-1","max-image-preview":"max-image-preview:large","max-video-preview":"max-video-preview:-1"},"canonical":"https:\/\/marx-guide.de\/fr\/mentions-legales\/","og_locale":"fr_FR","og_type":"article","og_title":"Mentions l\u00e9gales - MARX\u2022GUIDE","og_description":"Angaben gem\u00e4\u00df \u00a7 5 TMG: Karl Marx 2018 \u2013 Ausstellungsgesellschaft mbH, Kutzbachstra\u00dfe 1, 54290 Trier","og_url":"https:\/\/marx-guide.de\/fr\/mentions-legales\/","og_site_name":"MARX\u2022GUIDE","article_modified_time":"2025-04-22T11:55:53+00:00","og_image":[{"width":1500,"height":1003,"url":"https:\/\/marx-guide.de\/wp-content\/uploads\/2018\/02\/Casino-am-Kornmarkt.jpg","type":"image\/jpeg"}],"twitter_card":"summary_large_image","twitter_misc":{"Dur\u00e9e de lecture estim\u00e9e":"1 minute"},"schema":{"@context":"https:\/\/schema.org","@graph":[{"@type":"WebPage","@id":"https:\/\/marx-guide.de\/fr\/mentions-legales\/","url":"https:\/\/marx-guide.de\/fr\/mentions-legales\/","name":"Mentions l\u00e9gales - MARX\u2022GUIDE","isPartOf":{"@id":"https:\/\/marx-guide.de\/#website"},"primaryImageOfPage":{"@id":"https:\/\/marx-guide.de\/fr\/mentions-legales\/#primaryimage"},"image":{"@id":"https:\/\/marx-guide.de\/fr\/mentions-legales\/#primaryimage"},"thumbnailUrl":"https:\/\/marx-guide.de\/wp-content\/uploads\/2018\/02\/Casino-am-Kornmarkt.jpg","datePublished":"2018-02-05T15:43:42+00:00","dateModified":"2025-04-22T11:55:53+00:00","description":"Angaben gem\u00e4\u00df \u00a7 5 TMG: Karl Marx 2018 \u2013 Ausstellungsgesellschaft mbH, Kutzbachstra\u00dfe 1, 54290 Trier","breadcrumb":{"@id":"https:\/\/marx-guide.de\/fr\/mentions-legales\/#breadcrumb"},"inLanguage":"fr-FR","potentialAction":[{"@type":"ReadAction","target":["https:\/\/marx-guide.de\/fr\/mentions-legales\/"]}]},{"@type":"ImageObject","inLanguage":"fr-FR","@id":"https:\/\/marx-guide.de\/fr\/mentions-legales\/#primaryimage","url":"https:\/\/marx-guide.de\/wp-content\/uploads\/2018\/02\/Casino-am-Kornmarkt.jpg","contentUrl":"https:\/\/marx-guide.de\/wp-content\/uploads\/2018\/02\/Casino-am-Kornmarkt.jpg","width":1500,"height":1003},{"@type":"BreadcrumbList","@id":"https:\/\/marx-guide.de\/fr\/mentions-legales\/#breadcrumb","itemListElement":[{"@type":"ListItem","position":1,"name":"Startseite","item":"https:\/\/marx-guide.de\/fr\/page-daccueil\/"},{"@type":"ListItem","position":2,"name":"Mentions l\u00e9gales"}]},{"@type":"WebSite","@id":"https:\/\/marx-guide.de\/#website","url":"https:\/\/marx-guide.de\/","name":"MARX\u2022GUIDE","description":"Interaktiver Stadtf\u00fchrer zu Karl Marx in Trier","potentialAction":[{"@type":"SearchAction","target":{"@type":"EntryPoint","urlTemplate":"https:\/\/marx-guide.de\/?s={search_term_string}"},"query-input":{"@type":"PropertyValueSpecification","valueRequired":true,"valueName":"search_term_string"}}],"inLanguage":"fr-FR"}]}},"_links":{"self":[{"href":"https:\/\/marx-guide.de\/fr\/wp-json\/wp\/v2\/pages\/533","targetHints":{"allow":["GET"]}}],"collection":[{"href":"https:\/\/marx-guide.de\/fr\/wp-json\/wp\/v2\/pages"}],"about":[{"href":"https:\/\/marx-guide.de\/fr\/wp-json\/wp\/v2\/types\/page"}],"author":[{"embeddable":true,"href":"https:\/\/marx-guide.de\/fr\/wp-json\/wp\/v2\/users\/1"}],"replies":[{"embeddable":true,"href":"https:\/\/marx-guide.de\/fr\/wp-json\/wp\/v2\/comments?post=533"}],"version-history":[{"count":0,"href":"https:\/\/marx-guide.de\/fr\/wp-json\/wp\/v2\/pages\/533\/revisions"}],"wp:featuredmedia":[{"embeddable":true,"href":"https:\/\/marx-guide.de\/fr\/wp-json\/wp\/v2\/media\/227"}],"wp:attachment":[{"href":"https:\/\/marx-guide.de\/fr\/wp-json\/wp\/v2\/media?parent=533"}],"curies":[{"name":"wp","href":"https:\/\/api.w.org\/{rel}","templated":true}]}}