{"id":305,"date":"2018-02-05T16:43:33","date_gmt":"2018-02-05T15:43:33","guid":{"rendered":"https:\/\/marx-guide.de\/?page_id=305"},"modified":"2018-03-22T13:42:52","modified_gmt":"2018-03-22T12:42:52","slug":"privacy-policy","status":"publish","type":"page","link":"https:\/\/marx-guide.de\/en\/privacy-policy\/","title":{"rendered":"Privacy Policy"},"content":{"rendered":"<p class=\"teaser serif\">Die Nutzung unserer Webseite ist in der Regel ohne Angabe personenbezogener Daten m\u00f6glich.<\/p>\n<p>Soweit auf unseren Seiten personenbezogene Daten (beispielsweise Name, Anschrift oder E-Mail-Adressen) erhoben werden, erfolgt dies, soweit m\u00f6glich, stets auf freiwilliger Basis. Diese Daten werden ohne Ihre ausdr\u00fcckliche Zustimmung nicht an Dritte weitergegeben.<\/p>\n<p>Wir weisen darauf hin, dass die Daten\u00fcbertragung im Internet (z.B. bei der Kommunikation per E-Mail) Sicherheitsl\u00fccken aufweisen kann. Ein l\u00fcckenloser Schutz der Daten vor dem Zugriff durch Dritte ist nicht m\u00f6glich.<\/p>\n<h2>Cookies<\/h2>\n<p>Die Internetseiten verwenden teilweise so genannte Cookies. Cookies richten auf Ihrem Rechner keinen Schaden an und enthalten keine Viren. Cookies dienen dazu, unser Angebot nutzerfreundlicher, effektiver und sicherer zu machen. Cookies sind kleine Textdateien, die auf Ihrem Rechner abgelegt werden und die Ihr Browser speichert.<\/p>\n<p>Die meisten der von uns verwendeten Cookies sind so genannte \u00bbSession-Cookies\u00ab. Sie werden nach Ende Ihres Besuchs automatisch gel\u00f6scht. Andere Cookies bleiben auf Ihrem Endger\u00e4t gespeichert, bis Sie diese l\u00f6schen. Diese Cookies erm\u00f6glichen es uns, Ihren Browser beim n\u00e4chsten Besuch wiederzuerkennen.<\/p>\n<p>Sie k\u00f6nnen Ihren Browser so einstellen, dass Sie \u00fcber das Setzen von Cookies informiert werden und Cookies nur im Einzelfall erlauben, die Annahme von Cookies f\u00fcr bestimmte F\u00e4lle oder generell ausschlie\u00dfen sowie das automatische L\u00f6schen der Cookies beim Schlie\u00dfen des Browser aktivieren. Bei der Deaktivierung von Cookies kann die Funktionalit\u00e4t dieser Website eingeschr\u00e4nkt sein.<\/p>\n<h2>Server-Log-Files<\/h2>\n<p>Der Provider der Seiten erhebt und speichert automatisch Informationen in sogenannten Server-Log Files, die Ihr Browser automatisch an uns \u00fcbermittelt. Dies sind:<\/p>\n<ul>\n<li>Browsertyp und Browserversion<\/li>\n<li>verwendetes Betriebssystem<\/li>\n<li>Referrer URL<\/li>\n<li>Hostname des zugreifenden Rechners<\/li>\n<li>Uhrzeit der Serveranfrage<\/li>\n<\/ul>\n<p>Diese Daten sind nicht bestimmten Personen zuordenbar. Eine Zusammenf\u00fchrung dieser Daten mit anderen Datenquellen wird nicht vorgenommen. Wir behalten uns vor, diese Daten nachtr\u00e4glich zu pr\u00fcfen, wenn uns konkrete Anhaltspunkte f\u00fcr eine rechtswidrige Nutzung bekannt werden.<\/p>\n<h2>Kontaktformular<\/h2>\n<p>Wenn Sie uns per Kontaktformular Anfragen zukommen lassen, werden Ihre Angaben aus dem Anfrageformular inklusive der von Ihnen dort angegebenen Kontaktdaten zwecks Bearbeitung der Anfrage und f\u00fcr den Fall von Anschlussfragen bei uns gespeichert. Diese Daten geben wir nicht ohne Ihre Einwilligung weiter.<\/p>\n<h2>Google Analytics<\/h2>\n<p>Diese Website nutzt Funktionen des Webanalysedienstes Google Analytics. Anbieter ist die Google Inc., 1600 Amphitheatre Parkway Mountain View, CA 94043, USA.<\/p>\n<p>Google Analytics verwendet sogenannte \u00bbCookies\u00ab. Das sind Textdateien, die auf Ihrem Computer gespeichert werden und die eine Analyse der Benutzung der Website durch Sie erm\u00f6glichen. Die durch den Cookie erzeugten Informationen \u00fcber Ihre Benutzung dieser Website werden in der Regel an einen Server von Google in den USA \u00fcbertragen und dort gespeichert.<\/p>\n<h2>Browser-Plugin<\/h2>\n<p>Sie k\u00f6nnen die Speicherung der Cookies durch eine entsprechende Einstellung Ihrer Browser-Software verhindern; wir weisen Sie jedoch darauf hin, dass Sie in diesem Fall gegebenenfalls nicht s\u00e4mtliche Funktionen dieser Website vollumf\u00e4nglich werden nutzen k\u00f6nnen. Sie k\u00f6nnen dar\u00fcber hinaus die Erfassung der durch den Cookie erzeugten und auf Ihre Nutzung der Website bezogenen Daten (inkl. Ihrer IP-Adresse) an Google sowie die Verarbeitung dieser Daten durch Google verhindern, indem Sie das unter dem folgenden Link verf\u00fcgbare <a href=\"https:\/\/tools.google.com\/dlpage\/gaoptout?hl=de\" target=\"_blank\">Browser-Plugin herunterladen und installieren<\/a>.<\/p>\n<h2>Widerspruch gegen Datenerfassung<\/h2>\n<p>Sie k\u00f6nnen die Erfassung Ihrer Daten durch Google Analytics verhindern, indem Sie auf folgenden Link klicken. Es wird ein Opt-Out-Cookie gesetzt, der die Erfassung Ihrer Daten bei zuk\u00fcnftigen Besuchen dieser Website verhindert: Google Analytics deaktivieren<\/p>\n<p>Mehr Informationen zum Umgang mit Nutzerdaten bei Google Analytics finden Sie in der <a href=\"https:\/\/support.google.com\/analytics\/answer\/6004245?hl=de\" target=\"_blank\">Datenschutzerkl\u00e4rung von Google<\/a>.<\/p>\n<h2>SSL-Verschl\u00fcsselung<\/h2>\n<p>Diese Seite nutzt aus Gr\u00fcnden der Sicherheit und zum Schutz der \u00dcbertragung vertraulicher Inhalte, wie zum Beispiel der Anfragen, die Sie an uns als Seitenbetreiber senden, eine SSL-Verschl\u00fcsselung. Eine verschl\u00fcsselte Verbindung erkennen Sie daran, dass die Adresszeile des Browsers von \u00bbhttp:\/\/\u00ab auf \u00bbhttps:\/\/\u00ab wechselt und an dem Schloss-Symbol in Ihrer Browserzeile.<\/p>\n<p>Wenn die SSL Verschl\u00fcsselung aktiviert ist, k\u00f6nnen die Daten, die Sie an uns \u00fcbermitteln, nicht von Dritten mitgelesen werden.<\/p>\n","protected":false},"excerpt":{"rendered":"<p>Die Nutzung unserer Webseite ist in der Regel ohne Angabe personenbezogener Daten m\u00f6glich. Soweit auf unseren Seiten personenbezogene Daten (beispielsweise Name, Anschrift oder E-Mail-Adressen) erhoben werden, erfolgt dies, soweit m\u00f6glich, stets auf freiwilliger Basis. Diese Daten werden ohne Ihre ausdr\u00fcckliche Zustimmung nicht an Dritte weitergegeben. Wir weisen darauf hin, dass die Daten\u00fcbertragung im Internet (z.B. [&hellip;]<\/p>\n","protected":false},"author":1,"featured_media":216,"parent":0,"menu_order":0,"comment_status":"closed","ping_status":"closed","template":"","meta":{"_acf_changed":false,"footnotes":""},"class_list":["post-305","page","type-page","status-publish","has-post-thumbnail","hentry"],"acf":[],"yoast_head":"<!-- This site is optimized with the Yoast SEO plugin v27.3 - https:\/\/yoast.com\/product\/yoast-seo-wordpress\/ -->\n<title>Privacy Policy - MARX\u2022GUIDE<\/title>\n<meta name=\"description\" content=\"Die Nutzung unserer Webseite ist in der Regel ohne Angabe personenbezogener Daten m\u00f6glich.\" \/>\n<meta name=\"robots\" content=\"index, follow, max-snippet:-1, max-image-preview:large, max-video-preview:-1\" \/>\n<link rel=\"canonical\" href=\"https:\/\/marx-guide.de\/en\/privacy-policy\/\" \/>\n<meta property=\"og:locale\" content=\"en_US\" \/>\n<meta property=\"og:type\" content=\"article\" \/>\n<meta property=\"og:title\" content=\"Privacy Policy - MARX\u2022GUIDE\" \/>\n<meta property=\"og:description\" content=\"Die Nutzung unserer Webseite ist in der Regel ohne Angabe personenbezogener Daten m\u00f6glich.\" \/>\n<meta property=\"og:url\" content=\"https:\/\/marx-guide.de\/en\/privacy-policy\/\" \/>\n<meta property=\"og:site_name\" content=\"MARX\u2022GUIDE\" \/>\n<meta property=\"article:modified_time\" content=\"2018-03-22T12:42:52+00:00\" \/>\n<meta property=\"og:image\" content=\"https:\/\/marx-guide.de\/wp-content\/uploads\/2018\/02\/Wohnhaus-von-Jenny-Westphalen.jpg\" \/>\n\t<meta property=\"og:image:width\" content=\"1500\" \/>\n\t<meta property=\"og:image:height\" content=\"1001\" \/>\n\t<meta property=\"og:image:type\" content=\"image\/jpeg\" \/>\n<meta name=\"twitter:card\" content=\"summary_large_image\" \/>\n<meta name=\"twitter:label1\" content=\"Est. reading time\" \/>\n\t<meta name=\"twitter:data1\" content=\"3 minutes\" \/>\n<script type=\"application\/ld+json\" class=\"yoast-schema-graph\">{\"@context\":\"https:\\\/\\\/schema.org\",\"@graph\":[{\"@type\":\"WebPage\",\"@id\":\"https:\\\/\\\/marx-guide.de\\\/en\\\/privacy-policy\\\/\",\"url\":\"https:\\\/\\\/marx-guide.de\\\/en\\\/privacy-policy\\\/\",\"name\":\"Privacy Policy - MARX\u2022GUIDE\",\"isPartOf\":{\"@id\":\"https:\\\/\\\/marx-guide.de\\\/#website\"},\"primaryImageOfPage\":{\"@id\":\"https:\\\/\\\/marx-guide.de\\\/en\\\/privacy-policy\\\/#primaryimage\"},\"image\":{\"@id\":\"https:\\\/\\\/marx-guide.de\\\/en\\\/privacy-policy\\\/#primaryimage\"},\"thumbnailUrl\":\"https:\\\/\\\/marx-guide.de\\\/wp-content\\\/uploads\\\/2018\\\/02\\\/Wohnhaus-von-Jenny-Westphalen.jpg\",\"datePublished\":\"2018-02-05T15:43:33+00:00\",\"dateModified\":\"2018-03-22T12:42:52+00:00\",\"description\":\"Die Nutzung unserer Webseite ist in der Regel ohne Angabe personenbezogener Daten m\u00f6glich.\",\"breadcrumb\":{\"@id\":\"https:\\\/\\\/marx-guide.de\\\/en\\\/privacy-policy\\\/#breadcrumb\"},\"inLanguage\":\"en-US\",\"potentialAction\":[{\"@type\":\"ReadAction\",\"target\":[\"https:\\\/\\\/marx-guide.de\\\/en\\\/privacy-policy\\\/\"]}]},{\"@type\":\"ImageObject\",\"inLanguage\":\"en-US\",\"@id\":\"https:\\\/\\\/marx-guide.de\\\/en\\\/privacy-policy\\\/#primaryimage\",\"url\":\"https:\\\/\\\/marx-guide.de\\\/wp-content\\\/uploads\\\/2018\\\/02\\\/Wohnhaus-von-Jenny-Westphalen.jpg\",\"contentUrl\":\"https:\\\/\\\/marx-guide.de\\\/wp-content\\\/uploads\\\/2018\\\/02\\\/Wohnhaus-von-Jenny-Westphalen.jpg\",\"width\":1500,\"height\":1001},{\"@type\":\"BreadcrumbList\",\"@id\":\"https:\\\/\\\/marx-guide.de\\\/en\\\/privacy-policy\\\/#breadcrumb\",\"itemListElement\":[{\"@type\":\"ListItem\",\"position\":1,\"name\":\"Startseite\",\"item\":\"https:\\\/\\\/marx-guide.de\\\/en\\\/\"},{\"@type\":\"ListItem\",\"position\":2,\"name\":\"Privacy Policy\"}]},{\"@type\":\"WebSite\",\"@id\":\"https:\\\/\\\/marx-guide.de\\\/#website\",\"url\":\"https:\\\/\\\/marx-guide.de\\\/\",\"name\":\"MARX\u2022GUIDE\",\"description\":\"Interaktiver Stadtf\u00fchrer zu Karl Marx in Trier\",\"potentialAction\":[{\"@type\":\"SearchAction\",\"target\":{\"@type\":\"EntryPoint\",\"urlTemplate\":\"https:\\\/\\\/marx-guide.de\\\/?s={search_term_string}\"},\"query-input\":{\"@type\":\"PropertyValueSpecification\",\"valueRequired\":true,\"valueName\":\"search_term_string\"}}],\"inLanguage\":\"en-US\"}]}<\/script>\n<!-- \/ Yoast SEO plugin. -->","yoast_head_json":{"title":"Privacy Policy - MARX\u2022GUIDE","description":"Die Nutzung unserer Webseite ist in der Regel ohne Angabe personenbezogener Daten m\u00f6glich.","robots":{"index":"index","follow":"follow","max-snippet":"max-snippet:-1","max-image-preview":"max-image-preview:large","max-video-preview":"max-video-preview:-1"},"canonical":"https:\/\/marx-guide.de\/en\/privacy-policy\/","og_locale":"en_US","og_type":"article","og_title":"Privacy Policy - MARX\u2022GUIDE","og_description":"Die Nutzung unserer Webseite ist in der Regel ohne Angabe personenbezogener Daten m\u00f6glich.","og_url":"https:\/\/marx-guide.de\/en\/privacy-policy\/","og_site_name":"MARX\u2022GUIDE","article_modified_time":"2018-03-22T12:42:52+00:00","og_image":[{"width":1500,"height":1001,"url":"https:\/\/marx-guide.de\/wp-content\/uploads\/2018\/02\/Wohnhaus-von-Jenny-Westphalen.jpg","type":"image\/jpeg"}],"twitter_card":"summary_large_image","twitter_misc":{"Est. reading time":"3 minutes"},"schema":{"@context":"https:\/\/schema.org","@graph":[{"@type":"WebPage","@id":"https:\/\/marx-guide.de\/en\/privacy-policy\/","url":"https:\/\/marx-guide.de\/en\/privacy-policy\/","name":"Privacy Policy - MARX\u2022GUIDE","isPartOf":{"@id":"https:\/\/marx-guide.de\/#website"},"primaryImageOfPage":{"@id":"https:\/\/marx-guide.de\/en\/privacy-policy\/#primaryimage"},"image":{"@id":"https:\/\/marx-guide.de\/en\/privacy-policy\/#primaryimage"},"thumbnailUrl":"https:\/\/marx-guide.de\/wp-content\/uploads\/2018\/02\/Wohnhaus-von-Jenny-Westphalen.jpg","datePublished":"2018-02-05T15:43:33+00:00","dateModified":"2018-03-22T12:42:52+00:00","description":"Die Nutzung unserer Webseite ist in der Regel ohne Angabe personenbezogener Daten m\u00f6glich.","breadcrumb":{"@id":"https:\/\/marx-guide.de\/en\/privacy-policy\/#breadcrumb"},"inLanguage":"en-US","potentialAction":[{"@type":"ReadAction","target":["https:\/\/marx-guide.de\/en\/privacy-policy\/"]}]},{"@type":"ImageObject","inLanguage":"en-US","@id":"https:\/\/marx-guide.de\/en\/privacy-policy\/#primaryimage","url":"https:\/\/marx-guide.de\/wp-content\/uploads\/2018\/02\/Wohnhaus-von-Jenny-Westphalen.jpg","contentUrl":"https:\/\/marx-guide.de\/wp-content\/uploads\/2018\/02\/Wohnhaus-von-Jenny-Westphalen.jpg","width":1500,"height":1001},{"@type":"BreadcrumbList","@id":"https:\/\/marx-guide.de\/en\/privacy-policy\/#breadcrumb","itemListElement":[{"@type":"ListItem","position":1,"name":"Startseite","item":"https:\/\/marx-guide.de\/en\/"},{"@type":"ListItem","position":2,"name":"Privacy Policy"}]},{"@type":"WebSite","@id":"https:\/\/marx-guide.de\/#website","url":"https:\/\/marx-guide.de\/","name":"MARX\u2022GUIDE","description":"Interaktiver Stadtf\u00fchrer zu Karl Marx in Trier","potentialAction":[{"@type":"SearchAction","target":{"@type":"EntryPoint","urlTemplate":"https:\/\/marx-guide.de\/?s={search_term_string}"},"query-input":{"@type":"PropertyValueSpecification","valueRequired":true,"valueName":"search_term_string"}}],"inLanguage":"en-US"}]}},"_links":{"self":[{"href":"https:\/\/marx-guide.de\/en\/wp-json\/wp\/v2\/pages\/305","targetHints":{"allow":["GET"]}}],"collection":[{"href":"https:\/\/marx-guide.de\/en\/wp-json\/wp\/v2\/pages"}],"about":[{"href":"https:\/\/marx-guide.de\/en\/wp-json\/wp\/v2\/types\/page"}],"author":[{"embeddable":true,"href":"https:\/\/marx-guide.de\/en\/wp-json\/wp\/v2\/users\/1"}],"replies":[{"embeddable":true,"href":"https:\/\/marx-guide.de\/en\/wp-json\/wp\/v2\/comments?post=305"}],"version-history":[{"count":0,"href":"https:\/\/marx-guide.de\/en\/wp-json\/wp\/v2\/pages\/305\/revisions"}],"wp:featuredmedia":[{"embeddable":true,"href":"https:\/\/marx-guide.de\/en\/wp-json\/wp\/v2\/media\/216"}],"wp:attachment":[{"href":"https:\/\/marx-guide.de\/en\/wp-json\/wp\/v2\/media?parent=305"}],"curies":[{"name":"wp","href":"https:\/\/api.w.org\/{rel}","templated":true}]}}